{"id":209,"date":"2023-07-21T07:54:07","date_gmt":"2023-07-21T05:54:07","guid":{"rendered":"http:\/\/45.152.250.4\/~henryjanssen\/kontakt\/"},"modified":"2026-01-09T09:07:09","modified_gmt":"2026-01-09T08:07:09","slug":"kontakt","status":"publish","type":"page","link":"https:\/\/www.henryjanssen.nl\/de\/kontakt\/","title":{"rendered":"Kontakt"},"content":{"rendered":"<h1>KONTAKT UNS<\/h1>\n<div>Wir freuen uns \u00fcber Ihr Interesse an unseren Produkten und Dienstleistungen. Wenn Sie Fragen haben, ein Angebot anfordern m\u00f6chten oder einfach nur weitere Informationen w\u00fcnschen, sind wir f\u00fcr Sie da!<\/div>\n<div>Unser engagiertes Team von Fachleuten beantwortet gerne alle Ihre Fragen und ber\u00e4t Sie kompetent. Ob es um die Auswahl der richtigen Terrassen\u00fcberdachung, Au\u00dfenbeschattungen, die Besprechung von Installationsm\u00f6glichkeiten oder die L\u00f6sung von Problemen geht: Wir sind f\u00fcr Sie da.<\/div>\n<div>F\u00fcllen Sie das nachstehende Kontaktformular aus, und wir werden Ihre Nachricht so schnell wie m\u00f6glich beantworten.<\/div>\n<div><div class='fluentform ff-default fluentform_wrapper_6 ffs_default_wrap'><form data-form_id=\"6\" id=\"fluentform_6\" class=\"frm-fluent-form fluent_form_6 ff-el-form-top ff_form_instance_6_1 ff-form-loading ffs_default\" data-form_instance=\"ff_form_instance_6_1\" method=\"POST\" ><fieldset  style=\"border: none!important;margin: 0!important;padding: 0!important;background-color: transparent!important;box-shadow: none!important;outline: none!important; min-inline-size: 100%;\">\n                    <legend class=\"ff_screen_reader_title\" style=\"display: block; margin: 0!important;padding: 0!important;height: 0!important;text-indent: -999999px;width: 0!important;overflow:hidden;\">Kontakt-Formular<\/legend><input type='hidden' name='__fluent_form_embded_post_id' value='209' \/><input type=\"hidden\" id=\"_fluentform_6_fluentformnonce\" name=\"_fluentform_6_fluentformnonce\" value=\"d9921d56c5\" \/><input type=\"hidden\" name=\"_wp_http_referer\" value=\"\/de\/wp-json\/wp\/v2\/pages\/209\" \/><div data-name=\"ff_cn_id_1\"  class='ff-t-container ff-column-container ff_columns_total_2 '><div class='ff-t-cell ff-t-column-1' style='flex-basis: 50%;'><div class='ff-el-group'><div class=\"ff-el-input--label ff-el-is-required asterisk-right\"><label for='ff_6_input_text' id='label_ff_6_input_text' aria-label=\"Ihr Vorname\">Ihr Vorname<\/label><\/div><div class='ff-el-input--content'><input type=\"text\" name=\"input_text\" class=\"ff-el-form-control\" data-name=\"input_text\" id=\"ff_6_input_text\"  aria-invalid=\"false\" aria-required=true><\/div><\/div><div class='ff-el-group'><div class=\"ff-el-input--label ff-el-is-required asterisk-right\"><label for='ff_6_input_text_2' id='label_ff_6_input_text_2' aria-label=\"Ihr Wohnort\">Ihr Wohnort<\/label><\/div><div class='ff-el-input--content'><input type=\"text\" name=\"input_text_2\" class=\"ff-el-form-control\" data-name=\"input_text_2\" id=\"ff_6_input_text_2\"  aria-invalid=\"false\" aria-required=true><\/div><\/div><\/div><div class='ff-t-cell ff-t-column-2' style='flex-basis: 50%;'><div class='ff-el-group'><div class=\"ff-el-input--label ff-el-is-required asterisk-right\"><label for='ff_6_input_text_1' id='label_ff_6_input_text_1' aria-label=\"Ihr Nachname\">Ihr Nachname<\/label><\/div><div class='ff-el-input--content'><input type=\"text\" name=\"input_text_1\" class=\"ff-el-form-control\" data-name=\"input_text_1\" id=\"ff_6_input_text_1\"  aria-invalid=\"false\" aria-required=true><\/div><\/div><div class='ff-el-group'><div class=\"ff-el-input--label ff-el-is-required asterisk-right\"><label for='ff_6_input_text_3' id='label_ff_6_input_text_3' aria-label=\"Ihre Telefonnummer\">Ihre Telefonnummer<\/label><\/div><div class='ff-el-input--content'><input type=\"text\" name=\"input_text_3\" class=\"ff-el-form-control\" data-name=\"input_text_3\" id=\"ff_6_input_text_3\"  aria-invalid=\"false\" aria-required=true><\/div><\/div><\/div><\/div><div class='ff-el-group'><div class=\"ff-el-input--label ff-el-is-required asterisk-right\"><label for='ff_6_email' id='label_ff_6_email' aria-label=\"Ihre E-Mail Adresse\">Ihre E-Mail Adresse<\/label><\/div><div class='ff-el-input--content'><input type=\"email\" name=\"email\" id=\"ff_6_email\" class=\"ff-el-form-control\" data-name=\"email\"  aria-invalid=\"false\" aria-required=true><\/div><\/div><div class='ff-el-group'><div class=\"ff-el-input--label ff-el-is-required asterisk-right\"><label for='ff_6_input_text_4' id='label_ff_6_input_text_4' aria-label=\"Ihre Nachricht:\">Ihre Nachricht:<\/label><\/div><div class='ff-el-input--content'><input type=\"text\" name=\"input_text_4\" class=\"ff-el-form-control\" data-name=\"input_text_4\" id=\"ff_6_input_text_4\"  aria-invalid=\"false\" aria-required=true><\/div><\/div><div class='ff-el-group    ff-el-input--content'><div class='ff-el-form-check ff-el-tc'><label aria-label='Ich bin mit der Verarbeitung meiner pers\u00f6nlichen Daten und der Datenschutzerkl\u00e4rung einverstanden.' class='ff-el-form-check-label ff_tc_label' for=gdpr-agreement_d873f4ceb505e2d4d3dd078245e8059c><span class='ff_tc_checkbox'><input type=\"checkbox\" name=\"gdpr-agreement\" class=\"ff-el-form-check-input ff_gdpr_field\" data-name=\"gdpr-agreement\" id=\"gdpr-agreement_d873f4ceb505e2d4d3dd078245e8059c\"  value='on' aria-invalid='false' aria-required=true><\/span> <div class='ff_t_c'>Ich bin mit der Verarbeitung meiner pers\u00f6nlichen Daten und der Datenschutzerkl\u00e4rung einverstanden.<\/div><\/label><\/div><\/div><div class='ff-el-group ff-text-left ff_submit_btn_wrapper'><button type=\"submit\" class=\"ff-btn ff-btn-submit ff-btn-md ff_btn_style wpf_has_custom_css\"  aria-label=\"Senden\">Senden<\/button><\/div><\/fieldset><\/form><div id='fluentform_6_errors' class='ff-errors-in-stack ff_form_instance_6_1 ff-form-loading_errors ff_form_instance_6_1_errors'><\/div><\/div>            <script type=\"text\/javascript\">\n                window.fluent_form_ff_form_instance_6_1 = {\"id\":\"6\",\"ajaxUrl\":\"https:\\\/\\\/www.henryjanssen.nl\\\/wp-admin\\\/admin-ajax.php\",\"settings\":{\"layout\":{\"labelPlacement\":\"top\",\"helpMessagePlacement\":\"with_label\",\"errorMessagePlacement\":\"inline\",\"cssClassName\":\"\",\"asteriskPlacement\":\"asterisk-right\"},\"restrictions\":{\"denyEmptySubmission\":{\"enabled\":false}}},\"form_instance\":\"ff_form_instance_6_1\",\"form_id_selector\":\"fluentform_6\",\"rules\":{\"input_text\":{\"required\":{\"value\":true,\"message\":\"Dit veld is vereist\"}},\"input_text_2\":{\"required\":{\"value\":true,\"message\":\"Dit veld is vereist\"}},\"input_text_1\":{\"required\":{\"value\":true,\"message\":\"Dit veld is vereist\"}},\"input_text_3\":{\"required\":{\"value\":true,\"message\":\"Dit veld is vereist\"}},\"email\":{\"required\":{\"value\":true,\"message\":\"Dit veld is vereist\"},\"email\":{\"value\":true,\"message\":\"Dit veld moet een geldig e-mailadres bevatten\"}},\"input_text_4\":{\"required\":{\"value\":true,\"message\":\"Dit veld is vereist\"}},\"gdpr-agreement\":{\"required\":{\"value\":true,\"message\":\"Dit veld is vereist\"}}},\"debounce_time\":300};\n                            <\/script>\n            <\/div>\n<h1>Sie k\u00f6nnen uns auch kontaktieren unter<\/h1>\n<h1>+31(0)475-403211<\/h1>\n<div>\n<h3>Oder schauen Sie sich unseren Ausstellungsraum an. Unser B\u00fcro befindet sich in:<\/h3>\n<p>Heinsbergerweg 55  6061 AH Posterholt<\/p>\n<div>Sie sind herzlich eingeladen, uns zu besuchen. <\/p>\n<p>Wir freuen uns darauf, von Ihnen zu h\u00f6ren und Ihnen dabei zu helfen, die Terrassen\u00fcberdachung, das Gartenzimmer, die Fensterl\u00e4den oder die Markise Ihrer Tr\u00e4ume zu realisieren!<\/p><\/div>\n<\/div>\n<p><!--more--><br \/>\n<!-- {\"type\":\"layout\",\"children\":[{\"type\":\"section\",\"props\":{\"image_position\":\"center-center\",\"style\":\"default\",\"title_breakpoint\":\"xl\",\"title_position\":\"top-left\",\"title_rotation\":\"left\",\"vertical_align\":\"\",\"width\":\"default\"},\"children\":[{\"type\":\"row\",\"props\":{\"layout\":\"2-3,1-3\"},\"children\":[{\"type\":\"column\",\"props\":{\"image_position\":\"center-center\",\"position_sticky_breakpoint\":\"m\",\"width_medium\":\"2-3\"},\"children\":[{\"type\":\"headline\",\"props\":{\"content\":\"KONTAKT UNS\",\"title_color\":\"primary\",\"title_element\":\"h1\",\"title_style\":\"h3\"}},{\"type\":\"text\",\"props\":{\"column_breakpoint\":\"m\",\"content\":\"Wir freuen uns \\u00fcber Ihr Interesse an unseren Produkten und Dienstleistungen. Wenn Sie Fragen haben, ein Angebot anfordern m\\u00f6chten oder einfach nur weitere Informationen w\\u00fcnschen, sind wir f\\u00fcr Sie da!\",\"margin\":\"default\",\"text_align\":\"justify\"}},{\"type\":\"text\",\"props\":{\"column_breakpoint\":\"m\",\"content\":\"Unser engagiertes Team von Fachleuten beantwortet gerne alle Ihre Fragen und ber\\u00e4t Sie kompetent. Ob es um die Auswahl der richtigen Terrassen\\u00fcberdachung, Au\\u00dfenbeschattungen, die Besprechung von Installationsm\\u00f6glichkeiten oder die L\\u00f6sung von Problemen geht: Wir sind f\\u00fcr Sie da.\",\"margin\":\"default\",\"text_align\":\"justify\"}},{\"type\":\"text\",\"props\":{\"column_breakpoint\":\"m\",\"content\":\"F\\u00fcllen Sie das nachstehende Kontaktformular aus, und wir werden Ihre Nachricht so schnell wie m\\u00f6glich beantworten.\",\"margin\":\"default\",\"text_align\":\"justify\"}},{\"type\":\"text\",\"props\":{\"column_breakpoint\":\"m\",\"content\":\"[fluentform id=\\\"6\\\"]\",\"margin\":\"default\"}}]},{\"type\":\"column\",\"props\":{\"image_position\":\"center-center\",\"position_sticky_breakpoint\":\"m\",\"style\":\"card-default\",\"width_medium\":\"1-3\"},\"children\":[{\"type\":\"headline\",\"props\":{\"content\":\"Sie k\\u00f6nnen uns auch kontaktieren unter\",\"margin_remove_bottom\":true,\"title_element\":\"h1\",\"title_style\":\"h5\"}},{\"type\":\"headline\",\"props\":{\"content\":\"+31(0)475-403211\",\"margin_remove_top\":true,\"title_element\":\"h1\",\"title_style\":\"h5\"}},{\"type\":\"panel\",\"props\":{\"content\":\"Sie sind herzlich eingeladen, uns zu besuchen. \\n<br \\\/><br \\\/>\\nWir freuen uns darauf, von Ihnen zu h\\u00f6ren und Ihnen dabei zu helfen, die Terrassen\\u00fcberdachung, das Gartenzimmer, die Fensterl\\u00e4den oder die Markise Ihrer Tr\\u00e4ume zu realisieren!\",\"content_column_breakpoint\":\"m\",\"icon_width\":80,\"image_align\":\"top\",\"image_grid_breakpoint\":\"m\",\"image_grid_width\":\"1-2\",\"image_svg_color\":\"emphasis\",\"link_style\":\"default\",\"link_text\":\"Read more\",\"margin\":\"default\",\"meta\":\"Heinsbergerweg 55  6061 AH Posterholt\",\"meta_align\":\"below-title\",\"meta_color\":\"primary\",\"meta_element\":\"div\",\"meta_style\":\"h6\",\"panel_padding\":\"small\",\"title\":\"Oder schauen Sie sich unseren Ausstellungsraum an. Unser B\\u00fcro befindet sich in:\",\"title_align\":\"top\",\"title_element\":\"h3\",\"title_grid_breakpoint\":\"m\",\"title_grid_width\":\"1-2\",\"title_hover_style\":\"reset\",\"title_style\":\"h5\"}},{\"type\":\"module_position\",\"props\":{\"breakpoint\":\"m\",\"content\":\"builder-6\",\"layout\":\"stack\"}}]}]}]}],\"version\":\"4.5.32\"} --><\/p>\n","protected":false},"excerpt":{"rendered":"<p>KONTAKT UNS Wir freuen uns \u00fcber Ihr Interesse an unseren Produkten und Dienstleistungen. Wenn Sie Fragen haben, ein Angebot anfordern m\u00f6chten oder einfach nur weitere Informationen w\u00fcnschen, sind wir f\u00fcr Sie da! Unser engagiertes Team von Fachleuten beantwortet gerne alle Ihre Fragen und ber\u00e4t Sie kompetent. Ob es um die Auswahl der richtigen Terrassen\u00fcberdachung, Au\u00dfenbeschattungen, [&hellip;]<\/p>\n","protected":false},"author":1,"featured_media":0,"parent":0,"menu_order":0,"comment_status":"closed","ping_status":"closed","template":"","meta":{"_acf_changed":false,"footnotes":""},"class_list":["post-209","page","type-page","status-publish","hentry"],"acf":[],"_links":{"self":[{"href":"https:\/\/www.henryjanssen.nl\/de\/wp-json\/wp\/v2\/pages\/209","targetHints":{"allow":["GET"]}}],"collection":[{"href":"https:\/\/www.henryjanssen.nl\/de\/wp-json\/wp\/v2\/pages"}],"about":[{"href":"https:\/\/www.henryjanssen.nl\/de\/wp-json\/wp\/v2\/types\/page"}],"author":[{"embeddable":true,"href":"https:\/\/www.henryjanssen.nl\/de\/wp-json\/wp\/v2\/users\/1"}],"replies":[{"embeddable":true,"href":"https:\/\/www.henryjanssen.nl\/de\/wp-json\/wp\/v2\/comments?post=209"}],"version-history":[{"count":24,"href":"https:\/\/www.henryjanssen.nl\/de\/wp-json\/wp\/v2\/pages\/209\/revisions"}],"predecessor-version":[{"id":1526,"href":"https:\/\/www.henryjanssen.nl\/de\/wp-json\/wp\/v2\/pages\/209\/revisions\/1526"}],"wp:attachment":[{"href":"https:\/\/www.henryjanssen.nl\/de\/wp-json\/wp\/v2\/media?parent=209"}],"curies":[{"name":"wp","href":"https:\/\/api.w.org\/{rel}","templated":true}]}}